{"id":7423,"date":"2022-05-02T16:02:36","date_gmt":"2022-05-02T14:02:36","guid":{"rendered":"https:\/\/grancaffegambrinus.com\/caffetteria\/"},"modified":"2022-05-27T13:06:53","modified_gmt":"2022-05-27T11:06:53","slug":"caffetteria","status":"publish","type":"page","link":"https:\/\/grancaffegambrinus.com\/en\/caffetteria\/","title":{"rendered":"Caf\u00e9"},"content":{"rendered":"<p>Il Gran Caff\u00e8 Gambrinus \u00e8 erede dell\u2019antica<strong>\u00a0tradizione napoletana del caff\u00e8<\/strong>. \u00c8 almeno dall\u2019800 che a Napoli il caff\u00e8 \u00e8 pi\u00f9 di una semplice bevanda, un rito radicato trasversalmente nelle abitudini di ogni classe sociale, un\u00a0<strong>fenomeno di costume<\/strong> che fa di un semplice momento di ristoro un\u2019occasione di cultura e socialit\u00e0.<\/p>\n<p>Ed \u00e8 da centocinquanta anni che pregiate miscele di caff\u00e8 diffondono l\u2019aroma antico ed eterno del caff\u00e8 espresso napoletano nelle eleganti sale liberty del Gran Caff\u00e8 Gambrinus, la pi\u00f9\u00a0<strong>prestigiosa caffetteria<\/strong>\u00a0di Napoli.<\/p>\n<p><!--more-->Al Gran Caff\u00e8 Gambrinus il caff\u00e8 espresso \u00e8 preparato secondo l\u2019<strong>antica ricetta napoletana<\/strong>: scuro, denso, bollente. Un momento di piacere intenso da godere seduti in assoluto relax ad uno dei tavolini che affacciano direttamente su piazza Plebiscito. Un occasione imperdibile per condividere il\u00a0<strong>rito mondano<\/strong>\u00a0dell\u2019\u00e9lite cittadina in una cornice storica e artistica di raffinato prestigio.<\/p>\n<p>Fedele interprete della tradizione, il Gran Caff\u00e8 Gambrinus non trascura tuttavia i cambiamenti del gusto: in questi ultimi anni la caffetteria si \u00e8 arricchita di gustose varianti al caff\u00e8 espresso tradizionale: panna, cioccolata, nocciola e numerosi altri ingredienti vengono combinati con scrupolo e\u00a0<strong>creativit\u00e0\u00a0<\/strong>\u00a0per regalare ai clienti della caffetteria un\u2019<strong>esperienza di gusto<\/strong>\u00a0indimenticabile.<\/p>\n","protected":false},"excerpt":{"rendered":"<p>Il Gran Caff\u00e8 Gambrinus \u00e8 erede dell\u2019antica\u00a0tradizione napoletana del caff\u00e8. \u00c8 almeno dall\u2019800 che a Napoli il caff\u00e8 \u00e8 pi\u00f9 di una semplice bevanda, un rito radicato trasversalmente nelle abitudini di ogni classe sociale, un\u00a0fenomeno di costume che fa di un semplice momento di ristoro un\u2019occasione di cultura e socialit\u00e0. Ed \u00e8 da centocinquanta anni [&hellip;]<\/p>\n","protected":false},"author":1,"featured_media":4334,"parent":0,"menu_order":0,"comment_status":"closed","ping_status":"closed","template":"page-angolo-gusto.php","meta":{"_acf_changed":false,"footnotes":""},"class_list":["post-7423","page","type-page","status-publish","has-post-thumbnail","hentry"],"acf":[],"yoast_head":"<!-- This site is optimized with the Yoast SEO plugin v24.7 - https:\/\/yoast.com\/wordpress\/plugins\/seo\/ -->\n<title>Caf\u00e9 - Gambrinus<\/title>\n<meta name=\"robots\" content=\"index, follow, max-snippet:-1, max-image-preview:large, max-video-preview:-1\" \/>\n<link rel=\"canonical\" href=\"https:\/\/grancaffegambrinus.com\/en\/caffetteria\/\" \/>\n<meta property=\"og:locale\" content=\"en_US\" \/>\n<meta property=\"og:type\" content=\"article\" \/>\n<meta property=\"og:title\" content=\"Caf\u00e9 - Gambrinus\" \/>\n<meta property=\"og:description\" content=\"Il Gran Caff\u00e8 Gambrinus \u00e8 erede dell\u2019antica\u00a0tradizione napoletana del caff\u00e8. \u00c8 almeno dall\u2019800 che a Napoli il caff\u00e8 \u00e8 pi\u00f9 di una semplice bevanda, un rito radicato trasversalmente nelle abitudini di ogni classe sociale, un\u00a0fenomeno di costume che fa di un semplice momento di ristoro un\u2019occasione di cultura e socialit\u00e0. Ed \u00e8 da centocinquanta anni [&hellip;]\" \/>\n<meta property=\"og:url\" content=\"https:\/\/grancaffegambrinus.com\/en\/caffetteria\/\" \/>\n<meta property=\"og:site_name\" content=\"Gambrinus\" \/>\n<meta property=\"article:publisher\" content=\"https:\/\/www.facebook.com\/CaffeGambrinusNapoli\/\" \/>\n<meta property=\"article:modified_time\" content=\"2022-05-27T11:06:53+00:00\" \/>\n<meta property=\"og:image\" content=\"https:\/\/grancaffegambrinus.com\/wp-content\/uploads\/2022\/05\/tazzina-gran-caffe-gambrinus.png\" \/>\n\t<meta property=\"og:image:width\" content=\"1000\" \/>\n\t<meta property=\"og:image:height\" content=\"785\" \/>\n\t<meta property=\"og:image:type\" content=\"image\/png\" \/>\n<meta name=\"twitter:card\" content=\"summary_large_image\" \/>\n<meta name=\"twitter:site\" content=\"@Gambrinus1860\" \/>\n<meta name=\"twitter:label1\" content=\"Est. reading time\" \/>\n\t<meta name=\"twitter:data1\" content=\"1 minute\" \/>\n<script type=\"application\/ld+json\" class=\"yoast-schema-graph\">{\"@context\":\"https:\/\/schema.org\",\"@graph\":[{\"@type\":\"WebPage\",\"@id\":\"https:\/\/grancaffegambrinus.com\/en\/caffetteria\/\",\"url\":\"https:\/\/grancaffegambrinus.com\/en\/caffetteria\/\",\"name\":\"Caf\u00e9 - Gambrinus\",\"isPartOf\":{\"@id\":\"https:\/\/grancaffegambrinus.com\/#website\"},\"primaryImageOfPage\":{\"@id\":\"https:\/\/grancaffegambrinus.com\/en\/caffetteria\/#primaryimage\"},\"image\":{\"@id\":\"https:\/\/grancaffegambrinus.com\/en\/caffetteria\/#primaryimage\"},\"thumbnailUrl\":\"https:\/\/grancaffegambrinus.com\/wp-content\/uploads\/2022\/05\/tazzina-gran-caffe-gambrinus.png\",\"datePublished\":\"2022-05-02T14:02:36+00:00\",\"dateModified\":\"2022-05-27T11:06:53+00:00\",\"breadcrumb\":{\"@id\":\"https:\/\/grancaffegambrinus.com\/en\/caffetteria\/#breadcrumb\"},\"inLanguage\":\"en-US\",\"potentialAction\":[{\"@type\":\"ReadAction\",\"target\":[\"https:\/\/grancaffegambrinus.com\/en\/caffetteria\/\"]}]},{\"@type\":\"ImageObject\",\"inLanguage\":\"en-US\",\"@id\":\"https:\/\/grancaffegambrinus.com\/en\/caffetteria\/#primaryimage\",\"url\":\"https:\/\/grancaffegambrinus.com\/wp-content\/uploads\/2022\/05\/tazzina-gran-caffe-gambrinus.png\",\"contentUrl\":\"https:\/\/grancaffegambrinus.com\/wp-content\/uploads\/2022\/05\/tazzina-gran-caffe-gambrinus.png\",\"width\":1000,\"height\":785},{\"@type\":\"BreadcrumbList\",\"@id\":\"https:\/\/grancaffegambrinus.com\/en\/caffetteria\/#breadcrumb\",\"itemListElement\":[{\"@type\":\"ListItem\",\"position\":1,\"name\":\"Home\",\"item\":\"https:\/\/grancaffegambrinus.com\/en\/pagina-di-esempio\/\"},{\"@type\":\"ListItem\",\"position\":2,\"name\":\"Caf\u00e9\"}]},{\"@type\":\"WebSite\",\"@id\":\"https:\/\/grancaffegambrinus.com\/#website\",\"url\":\"https:\/\/grancaffegambrinus.com\/\",\"name\":\"Gran Caff\u00e8 Gambrinus\",\"description\":\"\",\"publisher\":{\"@id\":\"https:\/\/grancaffegambrinus.com\/#organization\"},\"potentialAction\":[{\"@type\":\"SearchAction\",\"target\":{\"@type\":\"EntryPoint\",\"urlTemplate\":\"https:\/\/grancaffegambrinus.com\/?s={search_term_string}\"},\"query-input\":{\"@type\":\"PropertyValueSpecification\",\"valueRequired\":true,\"valueName\":\"search_term_string\"}}],\"inLanguage\":\"en-US\"},{\"@type\":\"Organization\",\"@id\":\"https:\/\/grancaffegambrinus.com\/#organization\",\"name\":\"Gran Caff\u00e8 Gambrinus\",\"url\":\"https:\/\/grancaffegambrinus.com\/\",\"logo\":{\"@type\":\"ImageObject\",\"inLanguage\":\"en-US\",\"@id\":\"https:\/\/grancaffegambrinus.com\/#\/schema\/logo\/image\/\",\"url\":\"https:\/\/grancaffegambrinus.com\/wp-content\/uploads\/2023\/07\/logo.png\",\"contentUrl\":\"https:\/\/grancaffegambrinus.com\/wp-content\/uploads\/2023\/07\/logo.png\",\"width\":201,\"height\":155,\"caption\":\"Gran Caff\u00e8 Gambrinus\"},\"image\":{\"@id\":\"https:\/\/grancaffegambrinus.com\/#\/schema\/logo\/image\/\"},\"sameAs\":[\"https:\/\/www.facebook.com\/CaffeGambrinusNapoli\/\",\"https:\/\/x.com\/Gambrinus1860\",\"https:\/\/www.instagram.com\/gambrinus_napoli\/\",\"https:\/\/www.tiktok.com\/@caffe_gambrinus\",\"https:\/\/www.youtube.com\/channel\/UCe8PHM0GwfcKgbl2BrBYajQ\"]}]}<\/script>\n<!-- \/ Yoast SEO plugin. -->","yoast_head_json":{"title":"Caf\u00e9 - Gambrinus","robots":{"index":"index","follow":"follow","max-snippet":"max-snippet:-1","max-image-preview":"max-image-preview:large","max-video-preview":"max-video-preview:-1"},"canonical":"https:\/\/grancaffegambrinus.com\/en\/caffetteria\/","og_locale":"en_US","og_type":"article","og_title":"Caf\u00e9 - Gambrinus","og_description":"Il Gran Caff\u00e8 Gambrinus \u00e8 erede dell\u2019antica\u00a0tradizione napoletana del caff\u00e8. \u00c8 almeno dall\u2019800 che a Napoli il caff\u00e8 \u00e8 pi\u00f9 di una semplice bevanda, un rito radicato trasversalmente nelle abitudini di ogni classe sociale, un\u00a0fenomeno di costume che fa di un semplice momento di ristoro un\u2019occasione di cultura e socialit\u00e0. Ed \u00e8 da centocinquanta anni [&hellip;]","og_url":"https:\/\/grancaffegambrinus.com\/en\/caffetteria\/","og_site_name":"Gambrinus","article_publisher":"https:\/\/www.facebook.com\/CaffeGambrinusNapoli\/","article_modified_time":"2022-05-27T11:06:53+00:00","og_image":[{"width":1000,"height":785,"url":"https:\/\/grancaffegambrinus.com\/wp-content\/uploads\/2022\/05\/tazzina-gran-caffe-gambrinus.png","type":"image\/png"}],"twitter_card":"summary_large_image","twitter_site":"@Gambrinus1860","twitter_misc":{"Est. reading time":"1 minute"},"schema":{"@context":"https:\/\/schema.org","@graph":[{"@type":"WebPage","@id":"https:\/\/grancaffegambrinus.com\/en\/caffetteria\/","url":"https:\/\/grancaffegambrinus.com\/en\/caffetteria\/","name":"Caf\u00e9 - Gambrinus","isPartOf":{"@id":"https:\/\/grancaffegambrinus.com\/#website"},"primaryImageOfPage":{"@id":"https:\/\/grancaffegambrinus.com\/en\/caffetteria\/#primaryimage"},"image":{"@id":"https:\/\/grancaffegambrinus.com\/en\/caffetteria\/#primaryimage"},"thumbnailUrl":"https:\/\/grancaffegambrinus.com\/wp-content\/uploads\/2022\/05\/tazzina-gran-caffe-gambrinus.png","datePublished":"2022-05-02T14:02:36+00:00","dateModified":"2022-05-27T11:06:53+00:00","breadcrumb":{"@id":"https:\/\/grancaffegambrinus.com\/en\/caffetteria\/#breadcrumb"},"inLanguage":"en-US","potentialAction":[{"@type":"ReadAction","target":["https:\/\/grancaffegambrinus.com\/en\/caffetteria\/"]}]},{"@type":"ImageObject","inLanguage":"en-US","@id":"https:\/\/grancaffegambrinus.com\/en\/caffetteria\/#primaryimage","url":"https:\/\/grancaffegambrinus.com\/wp-content\/uploads\/2022\/05\/tazzina-gran-caffe-gambrinus.png","contentUrl":"https:\/\/grancaffegambrinus.com\/wp-content\/uploads\/2022\/05\/tazzina-gran-caffe-gambrinus.png","width":1000,"height":785},{"@type":"BreadcrumbList","@id":"https:\/\/grancaffegambrinus.com\/en\/caffetteria\/#breadcrumb","itemListElement":[{"@type":"ListItem","position":1,"name":"Home","item":"https:\/\/grancaffegambrinus.com\/en\/pagina-di-esempio\/"},{"@type":"ListItem","position":2,"name":"Caf\u00e9"}]},{"@type":"WebSite","@id":"https:\/\/grancaffegambrinus.com\/#website","url":"https:\/\/grancaffegambrinus.com\/","name":"Gran Caff\u00e8 Gambrinus","description":"","publisher":{"@id":"https:\/\/grancaffegambrinus.com\/#organization"},"potentialAction":[{"@type":"SearchAction","target":{"@type":"EntryPoint","urlTemplate":"https:\/\/grancaffegambrinus.com\/?s={search_term_string}"},"query-input":{"@type":"PropertyValueSpecification","valueRequired":true,"valueName":"search_term_string"}}],"inLanguage":"en-US"},{"@type":"Organization","@id":"https:\/\/grancaffegambrinus.com\/#organization","name":"Gran Caff\u00e8 Gambrinus","url":"https:\/\/grancaffegambrinus.com\/","logo":{"@type":"ImageObject","inLanguage":"en-US","@id":"https:\/\/grancaffegambrinus.com\/#\/schema\/logo\/image\/","url":"https:\/\/grancaffegambrinus.com\/wp-content\/uploads\/2023\/07\/logo.png","contentUrl":"https:\/\/grancaffegambrinus.com\/wp-content\/uploads\/2023\/07\/logo.png","width":201,"height":155,"caption":"Gran Caff\u00e8 Gambrinus"},"image":{"@id":"https:\/\/grancaffegambrinus.com\/#\/schema\/logo\/image\/"},"sameAs":["https:\/\/www.facebook.com\/CaffeGambrinusNapoli\/","https:\/\/x.com\/Gambrinus1860","https:\/\/www.instagram.com\/gambrinus_napoli\/","https:\/\/www.tiktok.com\/@caffe_gambrinus","https:\/\/www.youtube.com\/channel\/UCe8PHM0GwfcKgbl2BrBYajQ"]}]}},"_links":{"self":[{"href":"https:\/\/grancaffegambrinus.com\/en\/wp-json\/wp\/v2\/pages\/7423","targetHints":{"allow":["GET"]}}],"collection":[{"href":"https:\/\/grancaffegambrinus.com\/en\/wp-json\/wp\/v2\/pages"}],"about":[{"href":"https:\/\/grancaffegambrinus.com\/en\/wp-json\/wp\/v2\/types\/page"}],"author":[{"embeddable":true,"href":"https:\/\/grancaffegambrinus.com\/en\/wp-json\/wp\/v2\/users\/1"}],"replies":[{"embeddable":true,"href":"https:\/\/grancaffegambrinus.com\/en\/wp-json\/wp\/v2\/comments?post=7423"}],"version-history":[{"count":2,"href":"https:\/\/grancaffegambrinus.com\/en\/wp-json\/wp\/v2\/pages\/7423\/revisions"}],"predecessor-version":[{"id":7425,"href":"https:\/\/grancaffegambrinus.com\/en\/wp-json\/wp\/v2\/pages\/7423\/revisions\/7425"}],"wp:featuredmedia":[{"embeddable":true,"href":"https:\/\/grancaffegambrinus.com\/en\/wp-json\/wp\/v2\/media\/4334"}],"wp:attachment":[{"href":"https:\/\/grancaffegambrinus.com\/en\/wp-json\/wp\/v2\/media?parent=7423"}],"curies":[{"name":"wp","href":"https:\/\/api.w.org\/{rel}","templated":true}]}}